{"id":1566,"date":"2018-06-08T16:11:38","date_gmt":"2018-06-08T16:11:38","guid":{"rendered":"https:\/\/www.amado.pt\/aluguer\/?page_id=1566"},"modified":"2018-06-08T16:16:51","modified_gmt":"2018-06-08T16:16:51","slug":"politica-de-privacidade","status":"publish","type":"page","link":"https:\/\/www.amado.pt\/aluguer\/politica-de-privacidade\/","title":{"rendered":"Pol\u00edtica de privacidade"},"content":{"rendered":"<h2 style=\"text-align: justify;\"><strong>Regulamento Geral Sobre Prote\u00e7\u00e3o de Dados<\/strong><\/h2>\n<p style=\"text-align: justify;\">O cumprimento da legisla\u00e7\u00e3o relativa a prote\u00e7\u00e3o de dados apresenta-se como um valor \u00e9tico, adotamos as medidas necess\u00e1rias para assegurar que os teus dados pessoais s\u00e3o tratados de forma segura e de acordo com a legisla\u00e7\u00e3o aplic\u00e1vel.<\/p>\n<p style=\"text-align: justify;\">Em seguida podes encontrar informa\u00e7\u00e3o detalhada sobre a utiliza\u00e7\u00e3o dos teus dados pessoais no \u00e2mbito da utiliza\u00e7\u00e3o deste website e da rela\u00e7\u00e3o entre partes. As comunica\u00e7\u00f5es de Marketing exigem o consentimento livre, informado e expl\u00edcito, aumentando assim a seguran\u00e7a no tratamento de dados pessoais. Optando por n\u00e3o autorizares o contacto na nossa base de dados, deixas de usufruir das informa\u00e7\u00f5es, promo\u00e7\u00f5es, descontos e servi\u00e7os exclusivos, caso contrario, autorizas que os teus dados pessoais sejam tratados pela Pedrosa-Amado, Uni. Lda. NIF\/CRC 509268269 e morada em Rua Real 190 4485 085 FAJOZES, na qualidade de respons\u00e1vel pelo tratamento.<\/p>\n<p style=\"text-align: justify;\">Os teus dados pessoais ser\u00e3o utilizados para gerir as tuas solicita\u00e7\u00f5es e, com o teu consentimento, newsletters e comunica\u00e7\u00f5es de marketing. Tens o direito de solicitar o acesso \u00e0 tua informa\u00e7\u00e3o. Tamb\u00e9m podes solicitar que a tua informa\u00e7\u00e3o seja retificada ou apagada. Podes opor-te ao tratamento dos teus dados pessoais, sem qualquer justifica\u00e7\u00e3o quando esteja em causa uma situa\u00e7\u00e3o de marketing direto e, nos restantes casos, por motivos relacionados com a tua situa\u00e7\u00e3o em particular, igualmente poder\u00e1s solicitar a limita\u00e7\u00e3o do tratamento da tua informa\u00e7\u00e3o. Podes solicitar o envio de uma c\u00f3pia da tua informa\u00e7\u00e3o num formato estruturado e de uso corrente.<\/p>\n<p style=\"text-align: justify;\">Para exerceres os teus direitos, contacta-nos para Jo\u00e3o Pedrosa atrav\u00e9s <strong>960069009<\/strong> ou por email para <strong><a href=\"mailto:suporte@amado.pt\">suporte@amado.pt<\/a><\/strong> \u00a0podes retirar o consentimento a qualquer momento, sem que tal, no entanto, torne ileg\u00edtimo o tratamento de dados pessoais realizado com base nesse consentimento at\u00e9 \u00e0 data em que o mesmo seja retirado. Recolhemos os teus dados pessoais com a finalidade de fatura\u00e7\u00e3o e assumimos o compromisso de privacidade e seguran\u00e7a no processamento e na manuten\u00e7\u00e3o de dados pessoais de cada cliente. A informa\u00e7\u00e3o que nos disponibilizas destina-se apenas a prestar-te um servi\u00e7o mais adequado \u00e0s tuas caracter\u00edsticas e necessidades. Como tal, e para efeitos de entrega de encomendas e contactos, desde j\u00e1 informamos que os teus dados de contactos, ser\u00e3o transmitidos \u00e0s empresas transportadoras e a prestadores de servi\u00e7os. para a cabal realiza\u00e7\u00e3o dos servi\u00e7os contratados pelos teus clientes.<\/p>\n<p style=\"text-align: justify;\">Utilizamos os dados \u00fanica e exclusivamente para o efeito pedido e nunca os cedemos a outras empresas\/pessoas. Instru\u00edmos os colaboradores que os dados pessoais dos clientes ou terceiros, s\u00e3o confidenciais.<\/p>\n<p style=\"text-align: justify;\">Eliminamos qualquer contrato, informa\u00e7\u00e3o ou dados dos clientes, ou seus clientes, ap\u00f3s execu\u00e7\u00e3o de qualquer servi\u00e7o\/aluguer. <strong>exceto quando o tratamento ainda seja necess\u00e1rio para cumprimento de obriga\u00e7\u00e3o legal. <\/strong><strong>O<\/strong>s teus \u00a0dados pessoais s\u00e3o armazenados em servidores localizados no Espa\u00e7o Econ\u00f3mico Europeu (EEE). Periodicamente procedemos a modifica\u00e7\u00f5es e atualiza\u00e7\u00f5es deste e de outros documentos. Convidamos-te a consultar esta informa\u00e7\u00e3o em cada visita, por forma a obteres a vers\u00e3o mais atualizada, e quando necess\u00e1rio ou obrigat\u00f3rio, iremos informar-te e\/ou obter o teu consentimento.<\/p>\n<p style=\"text-align: justify;\">Para mais informa\u00e7\u00f5es sobre os teus direitos consulta a Comiss\u00e3o Nacional de Prote\u00e7\u00e3o de Dados\u00a0<a href=\"https:\/\/www.cnpd.pt\/bin\/rgpd\/rgpd.htm\" target=\"_blank\" rel=\"noopener\">https:\/\/www.cnpd.pt\/bin\/rgpd\/rgpd.htm<\/a><\/p>\n","protected":false},"excerpt":{"rendered":"<p>Regulamento Geral Sobre Prote\u00e7\u00e3o de Dados O cumprimento da legisla\u00e7\u00e3o relativa a prote\u00e7\u00e3o de dados apresenta-se como um valor \u00e9tico, adotamos as medidas necess\u00e1rias para assegurar que os teus dados pessoais s\u00e3o tratados de forma segura e de acordo com a legisla\u00e7\u00e3o aplic\u00e1vel. Em seguida podes encontrar informa\u00e7\u00e3o detalhada sobre a utiliza\u00e7\u00e3o dos teus dados [&#8230;]\n","protected":false},"author":1,"featured_media":0,"parent":0,"menu_order":0,"comment_status":"closed","ping_status":"closed","template":"","meta":{"footnotes":""},"class_list":["post-1566","page","type-page","status-publish","hentry"],"_links":{"self":[{"href":"https:\/\/www.amado.pt\/aluguer\/wp-json\/wp\/v2\/pages\/1566","targetHints":{"allow":["GET"]}}],"collection":[{"href":"https:\/\/www.amado.pt\/aluguer\/wp-json\/wp\/v2\/pages"}],"about":[{"href":"https:\/\/www.amado.pt\/aluguer\/wp-json\/wp\/v2\/types\/page"}],"author":[{"embeddable":true,"href":"https:\/\/www.amado.pt\/aluguer\/wp-json\/wp\/v2\/users\/1"}],"replies":[{"embeddable":true,"href":"https:\/\/www.amado.pt\/aluguer\/wp-json\/wp\/v2\/comments?post=1566"}],"version-history":[{"count":3,"href":"https:\/\/www.amado.pt\/aluguer\/wp-json\/wp\/v2\/pages\/1566\/revisions"}],"predecessor-version":[{"id":1571,"href":"https:\/\/www.amado.pt\/aluguer\/wp-json\/wp\/v2\/pages\/1566\/revisions\/1571"}],"wp:attachment":[{"href":"https:\/\/www.amado.pt\/aluguer\/wp-json\/wp\/v2\/media?parent=1566"}],"curies":[{"name":"wp","href":"https:\/\/api.w.org\/{rel}","templated":true}]}}