{"id":1147,"date":"2018-02-12T17:17:00","date_gmt":"2018-02-12T17:17:00","guid":{"rendered":"https:\/\/www.amado.pt\/aluguer\/?post_type=product&#038;p=1147"},"modified":"2025-01-28T13:21:42","modified_gmt":"2025-01-28T13:21:42","slug":"mesa-quadrada-1-20-x-1-20","status":"publish","type":"product","link":"https:\/\/www.amado.pt\/aluguer\/mesa-quadrada-1-20-x-1-20\/","title":{"rendered":"Mesa quadrada 8 pessoas"},"content":{"rendered":"<h2>Aluguer de mesa quadrada 8 lugares<\/h2>\n<p>Alugamos mesas quadradas para eventos e catering, cada vez mais em voga, de excelente organiza\u00e7\u00e3o de espa\u00e7o seja no interior ou no exterior com borrachas anti derrapantes para maior seguran\u00e7a.<\/p>\n<p>\u00bb Altura: 75 cm<br \/>\n\u00bb Comprimento: 120 cm<br \/>\n\u00bb Largura: 120 cm<br \/>\n\u00bb Tampo: <a href=\"https:\/\/pt.wikipedia.org\/wiki\/Madeira_compensada\" target=\"_blank\" rel=\"noopener noreferrer\">contraplacado<\/a> fen\u00f3lico<br \/>\n\u00bb Espessura: 16 mm<br \/>\n\u00bb Estrutura: ferro electro-zincado<\/p>\n<p><span style=\"color: #ed1c24;\">NOTA:<\/span> Esta mesa deve ser atoalhada com <a href=\"https:\/\/www.amado.pt\/aluguer\/toalhas-de-mesa\/\">toalhas<\/a> e <a href=\"https:\/\/www.amado.pt\/aluguer\/categoria-produto\/saiotes\/\">saiotes<\/a>, ou sem saiote com\u00a0<a href=\"https:\/\/www.amado.pt\/aluguer\/wp-content\/uploads\/2018\/02\/aluguer-de-mesa-retangular-com-pe-em-madeira.jpg\" target=\"_blank\" rel=\"noopener noreferrer\">p\u00e9 de madeira trabalhada<\/a>.<\/p>\n","protected":false},"excerpt":{"rendered":"<p>Aluguer de mesa quadrada 8 lugares Alugamos mesas quadradas para eventos e catering, cada vez mais em voga, de excelente organiza\u00e7\u00e3o de espa\u00e7o seja no interior ou no exterior com borrachas anti derrapantes para maior seguran\u00e7a. \u00bb Altura: 75 cm \u00bb Comprimento: 120 cm \u00bb Largura: 120 cm \u00bb Tampo: contraplacado fen\u00f3lico \u00bb Espessura: 16 [&#8230;]\n","protected":false},"featured_media":1148,"template":"","meta":[],"product_cat":[12,136,185],"product_tag":[],"class_list":{"0":"post-1147","1":"product","2":"type-product","3":"status-publish","4":"has-post-thumbnail","6":"product_cat-mesas","7":"product_cat-mesas-quadradas","8":"product_cat-todos-os-produtos","10":"first","11":"instock","12":"taxable","13":"shipping-taxable","14":"purchasable","15":"product-type-simple"},"_links":{"self":[{"href":"https:\/\/www.amado.pt\/aluguer\/wp-json\/wp\/v2\/product\/1147","targetHints":{"allow":["GET"]}}],"collection":[{"href":"https:\/\/www.amado.pt\/aluguer\/wp-json\/wp\/v2\/product"}],"about":[{"href":"https:\/\/www.amado.pt\/aluguer\/wp-json\/wp\/v2\/types\/product"}],"wp:featuredmedia":[{"embeddable":true,"href":"https:\/\/www.amado.pt\/aluguer\/wp-json\/wp\/v2\/media\/1148"}],"wp:attachment":[{"href":"https:\/\/www.amado.pt\/aluguer\/wp-json\/wp\/v2\/media?parent=1147"}],"wp:term":[{"taxonomy":"product_cat","embeddable":true,"href":"https:\/\/www.amado.pt\/aluguer\/wp-json\/wp\/v2\/product_cat?post=1147"},{"taxonomy":"product_tag","embeddable":true,"href":"https:\/\/www.amado.pt\/aluguer\/wp-json\/wp\/v2\/product_tag?post=1147"}],"curies":[{"name":"wp","href":"https:\/\/api.w.org\/{rel}","templated":true}]}}