{"id":1952,"date":"2019-03-27T17:18:00","date_gmt":"2019-03-27T17:18:00","guid":{"rendered":"https:\/\/www.amado.pt\/aluguer\/?post_type=product&#038;p=1952"},"modified":"2025-01-28T13:08:09","modified_gmt":"2025-01-28T13:08:09","slug":"prato-gourmet","status":"publish","type":"product","link":"https:\/\/www.amado.pt\/aluguer\/prato-gourmet\/","title":{"rendered":"Prato gourmet"},"content":{"rendered":"<h2>Aluguer de pratos para servi\u00e7o gourmet Vista alegre<\/h2>\n<p>Alugamos pratos ladeiros\/rasos de qualidade da prestigiada casa <a href=\"https:\/\/pt.wikipedia.org\/wiki\/F%C3%A1brica_da_Vista_Alegre\" target=\"_blank\" rel=\"noopener noreferrer\">Vista alegre<\/a>, linha multiforma, com caracter\u00edsticas \u00fanicas e inovadoras, criados pela designer Micaela D\u00f6rfel, um dos nomes europeus mais reconhecidos na \u00e1rea da apresenta\u00e7\u00e3o gastron\u00f3mica.<br \/>\nLoi\u00e7a resistente a altas temperaturas de forno, micro ondas, congela\u00e7\u00e3o e ao estilha\u00e7o.<\/p>\n<div class=\"row row-collapse\"  id=\"row-1179961457\">\n\n\t<div id=\"col-747882720\" class=\"col medium-1\/2 large-6\"  >\n\t\t\t\t<div class=\"col-inner\"  >\n\t\t\t\n\t\t\t\n\u00bb Di\u00e2metro: 33 cm<br \/>\n\u00bb Altura: 2 cm<br \/>\n\u00bb Espessura: 4 mm<br \/>\n\u00bb Cor: branco<br \/>\n\u00bb Material: porcelana<br \/>\n\u00bb Estilo: contempor\u00e2neo<br \/>\n\u00bb Quantidade por cesto: 20 uni.<\/p>\n\t\t<\/div>\n\t\t\t\t\t<\/div>\n\n\t\n\n\t<div id=\"col-61435011\" class=\"col medium-1\/2 large-6\"  >\n\t\t\t\t<div class=\"col-inner\"  >\n\t\t\t\n\t\t\t\n<a href=\"https:\/\/www.winterhalter.com\/pt-pt\/lavagemehigiene\/?siq_name=$%7BPosibles%20clientes.Nombre%20de%20Posible%20cliente%7D&amp;siq_email=$%7BPosibles%20clientes.Correo%20electr%C3%B3nico%7D\" target=\"_blank\" rel=\"noopener noreferrer\"><img loading=\"lazy\" decoding=\"async\" class=\"alignleft wp-image-3542 size-full\" src=\"https:\/\/www.amado.pt\/aluguer\/wp-content\/uploads\/2020\/06\/higiene-170.jpg\" alt=\"\" width=\"170\" height=\"170\" srcset=\"https:\/\/www.amado.pt\/aluguer\/wp-content\/uploads\/2020\/06\/higiene-170.jpg 170w, https:\/\/www.amado.pt\/aluguer\/wp-content\/uploads\/2020\/06\/higiene-170-150x150.jpg 150w, https:\/\/www.amado.pt\/aluguer\/wp-content\/uploads\/2020\/06\/higiene-170-100x100.jpg 100w\" sizes=\"auto, (max-width: 170px) 100vw, 170px\" \/><\/a><\/p>\n\t\t<\/div>\n\t\t\t\t\t<\/div>\n\n\t\n<\/div>\n","protected":false},"excerpt":{"rendered":"<p>Aluguer de pratos para servi\u00e7o gourmet Vista alegre Alugamos pratos ladeiros\/rasos de qualidade da prestigiada casa Vista alegre, linha multiforma, com caracter\u00edsticas \u00fanicas e inovadoras, criados pela designer Micaela D\u00f6rfel, um dos nomes europeus mais reconhecidos na \u00e1rea da apresenta\u00e7\u00e3o gastron\u00f3mica. Loi\u00e7a resistente a altas temperaturas de forno, micro ondas, congela\u00e7\u00e3o e ao estilha\u00e7o.<\/p>\n","protected":false},"featured_media":2667,"template":"","meta":[],"product_cat":[50,14,185],"product_tag":[58,37],"class_list":{"0":"post-1952","1":"product","2":"type-product","3":"status-publish","4":"has-post-thumbnail","6":"product_cat-loicas","7":"product_cat-loicas-e-copos","8":"product_cat-todos-os-produtos","9":"product_tag-porcelana","10":"product_tag-pratos","12":"first","13":"instock","14":"taxable","15":"shipping-taxable","16":"purchasable","17":"product-type-simple"},"_links":{"self":[{"href":"https:\/\/www.amado.pt\/aluguer\/wp-json\/wp\/v2\/product\/1952","targetHints":{"allow":["GET"]}}],"collection":[{"href":"https:\/\/www.amado.pt\/aluguer\/wp-json\/wp\/v2\/product"}],"about":[{"href":"https:\/\/www.amado.pt\/aluguer\/wp-json\/wp\/v2\/types\/product"}],"wp:featuredmedia":[{"embeddable":true,"href":"https:\/\/www.amado.pt\/aluguer\/wp-json\/wp\/v2\/media\/2667"}],"wp:attachment":[{"href":"https:\/\/www.amado.pt\/aluguer\/wp-json\/wp\/v2\/media?parent=1952"}],"wp:term":[{"taxonomy":"product_cat","embeddable":true,"href":"https:\/\/www.amado.pt\/aluguer\/wp-json\/wp\/v2\/product_cat?post=1952"},{"taxonomy":"product_tag","embeddable":true,"href":"https:\/\/www.amado.pt\/aluguer\/wp-json\/wp\/v2\/product_tag?post=1952"}],"curies":[{"name":"wp","href":"https:\/\/api.w.org\/{rel}","templated":true}]}}