{"id":1965,"date":"2019-04-11T14:44:00","date_gmt":"2019-04-11T14:44:00","guid":{"rendered":"https:\/\/www.amado.pt\/aluguer\/?post_type=product&#038;p=1965"},"modified":"2025-01-28T13:07:30","modified_gmt":"2025-01-28T13:07:30","slug":"mesa-e-bancos-corridos","status":"publish","type":"product","link":"https:\/\/www.amado.pt\/aluguer\/mesa-e-bancos-corridos\/","title":{"rendered":"Mesa e Bancos Corridos"},"content":{"rendered":"<h2><strong>Aluguer de Mesa e Bancos Corridos Baviera<br \/>\n<\/strong><\/h2>\n<p><span style=\"color: #d83131;\"><strong>Conjunto composto por mesa e bancos corridos para 10 pessoas.<br \/>\n<\/strong><\/span>As nossas mesas Baviera s\u00e3o \u00fanicas no mercado, com p\u00e9s ergon\u00f3micos que garantem um maior conforto de entrada e sa\u00edda da mesa.<\/p>\n<p>Esta solu\u00e7\u00e3o \u00e9 ideal para festas ou eventos gastron\u00f3micos, zonas de restaura\u00e7\u00e3o, lazer em festivais, concertos de musica,<a href=\"https:\/\/pt.wikipedia.org\/wiki\/Lista_das_principais_festas_e_romarias_de_Portugal\" target=\"_blank\" rel=\"noopener noreferrer\"> festas populares e romarias<\/a>, eventos acad\u00e9micos ou desportivos.<\/p>\n<ul>\n<li>Material ultra resistente de f\u00e1cil limpeza e manipula\u00e7\u00e3o.<\/li>\n<\/ul>\n<p>Mesa:<br \/>\n\u00bb Composi\u00e7\u00e3o: 100% madeira de abeto<br \/>\n\u00bb P\u00e9s dobr\u00e1veis em ferro termo lacado<br \/>\n\u00bb Comprimento: 220 cm<br \/>\n\u00bb Largura: 67 cm<br \/>\n\u00bb Altura: 77.5 cm<\/p>\n<p>Bancos:<br \/>\n\u00bb Composi\u00e7\u00e3o: 100% madeira de abeto<br \/>\n\u00bb P\u00e9s dobr\u00e1veis em ferro termo lacado<br \/>\n\u00bb Comprimento: 220 cm<br \/>\n\u00bb Largura: 23 cm<br \/>\n\u00bb Altura: 48 cm<\/p>\n<p>Este produto pode ser alugado em separado <a href=\"https:\/\/www.amado.pt\/aluguer\/produto\/mesas-corridas\/\">mesa corrida baviera<\/a> ou<a href=\"https:\/\/www.amado.pt\/aluguer\/produto\/bancos-corridos\/\"> banco corrido baviera<\/a>.<\/p>\n","protected":false},"excerpt":{"rendered":"<p>Aluguer de Mesa e Bancos Corridos Baviera Conjunto composto por mesa e bancos corridos para 10 pessoas. As nossas mesas Baviera s\u00e3o \u00fanicas no mercado, com p\u00e9s ergon\u00f3micos que garantem um maior conforto de entrada e sa\u00edda da mesa. Esta solu\u00e7\u00e3o \u00e9 ideal para festas ou eventos gastron\u00f3micos, zonas de restaura\u00e7\u00e3o, lazer em festivais, concertos [&#8230;]\n","protected":false},"featured_media":1966,"template":"","meta":[],"product_cat":[140,185],"product_tag":[],"class_list":{"0":"post-1965","1":"product","2":"type-product","3":"status-publish","4":"has-post-thumbnail","6":"product_cat-conjunto-baviera","7":"product_cat-todos-os-produtos","9":"first","10":"instock","11":"taxable","12":"shipping-taxable","13":"purchasable","14":"product-type-simple"},"_links":{"self":[{"href":"https:\/\/www.amado.pt\/aluguer\/wp-json\/wp\/v2\/product\/1965","targetHints":{"allow":["GET"]}}],"collection":[{"href":"https:\/\/www.amado.pt\/aluguer\/wp-json\/wp\/v2\/product"}],"about":[{"href":"https:\/\/www.amado.pt\/aluguer\/wp-json\/wp\/v2\/types\/product"}],"wp:featuredmedia":[{"embeddable":true,"href":"https:\/\/www.amado.pt\/aluguer\/wp-json\/wp\/v2\/media\/1966"}],"wp:attachment":[{"href":"https:\/\/www.amado.pt\/aluguer\/wp-json\/wp\/v2\/media?parent=1965"}],"wp:term":[{"taxonomy":"product_cat","embeddable":true,"href":"https:\/\/www.amado.pt\/aluguer\/wp-json\/wp\/v2\/product_cat?post=1965"},{"taxonomy":"product_tag","embeddable":true,"href":"https:\/\/www.amado.pt\/aluguer\/wp-json\/wp\/v2\/product_tag?post=1965"}],"curies":[{"name":"wp","href":"https:\/\/api.w.org\/{rel}","templated":true}]}}