{"id":3534,"date":"2020-06-16T08:39:15","date_gmt":"2020-06-16T08:39:15","guid":{"rendered":"https:\/\/www.amado.pt\/aluguer\/?post_type=product&#038;p=3534"},"modified":"2025-01-28T12:12:00","modified_gmt":"2025-01-28T12:12:00","slug":"52-dicas-quantidade-de-comida-por-pessoa-em-festas","status":"publish","type":"product","link":"https:\/\/www.amado.pt\/aluguer\/52-dicas-quantidade-de-comida-por-pessoa-em-festas\/","title":{"rendered":"#52 Dicas: quantidade de comida por pessoa em festas"},"content":{"rendered":"<p>Sabe como calcular a quantidade de comida por pessoa de maneira exata? Certamente, essa \u00e9 a d\u00favida de muita gente. No geral, acontece assim: voc\u00ea decide fazer um almo\u00e7o ou jantar especial para celebrar uma conquista, comemorar uma data importante ou apenas reunir os amigos e familiares no final de semana.<\/p>\n<p>No entanto, j\u00e1 no planejamento, surge a primeira quest\u00e3o: como garantir que nada falte ou sobre?<\/p>\n<p>Ver artigo completo em <a href=\"https:\/\/pt.petitchef.com\/artigos\/receitas\/como-calcular-quantidade-de-comida-para-festas-aid-2365\" rel=\"nofollow noopener\" target=\"_blank\">petitchef.com<\/a>.<\/p>\n","protected":false},"excerpt":{"rendered":"<p>Sabe como calcular a quantidade de comida por pessoa de maneira exata? Certamente, essa \u00e9 a d\u00favida de muita gente. No geral, acontece assim: voc\u00ea decide fazer um almo\u00e7o ou jantar especial para celebrar uma conquista, comemorar uma data importante ou apenas reunir os amigos e familiares no final de semana. No entanto, j\u00e1 no [&#8230;]\n","protected":false},"featured_media":3535,"template":"","meta":[],"product_cat":[133],"product_tag":[],"class_list":{"0":"post-3534","1":"product","2":"type-product","3":"status-publish","4":"has-post-thumbnail","6":"product_cat-ideias-e-solucoes","8":"first","9":"instock","10":"taxable","11":"shipping-taxable","12":"purchasable","13":"product-type-external"},"_links":{"self":[{"href":"https:\/\/www.amado.pt\/aluguer\/wp-json\/wp\/v2\/product\/3534","targetHints":{"allow":["GET"]}}],"collection":[{"href":"https:\/\/www.amado.pt\/aluguer\/wp-json\/wp\/v2\/product"}],"about":[{"href":"https:\/\/www.amado.pt\/aluguer\/wp-json\/wp\/v2\/types\/product"}],"wp:featuredmedia":[{"embeddable":true,"href":"https:\/\/www.amado.pt\/aluguer\/wp-json\/wp\/v2\/media\/3535"}],"wp:attachment":[{"href":"https:\/\/www.amado.pt\/aluguer\/wp-json\/wp\/v2\/media?parent=3534"}],"wp:term":[{"taxonomy":"product_cat","embeddable":true,"href":"https:\/\/www.amado.pt\/aluguer\/wp-json\/wp\/v2\/product_cat?post=3534"},{"taxonomy":"product_tag","embeddable":true,"href":"https:\/\/www.amado.pt\/aluguer\/wp-json\/wp\/v2\/product_tag?post=3534"}],"curies":[{"name":"wp","href":"https:\/\/api.w.org\/{rel}","templated":true}]}}