{"id":3537,"date":"2020-06-16T09:01:44","date_gmt":"2020-06-16T09:01:44","guid":{"rendered":"https:\/\/www.amado.pt\/aluguer\/?post_type=product&#038;p=3537"},"modified":"2025-01-28T12:13:33","modified_gmt":"2025-01-28T12:13:33","slug":"chemin-de-linho","status":"publish","type":"product","link":"https:\/\/www.amado.pt\/aluguer\/chemin-de-linho\/","title":{"rendered":"Chemin de linho"},"content":{"rendered":"<h3 class=\"LC20lb DKV0Md\">Aluguer de chemin para mesa redonda ou retangular<\/h3>\n<p>Alugamos chemin\u2019s ou caminho de mesa em linho cr\u00fa um adorno que vale sempre a pena.<br \/>\nPode ser utilizado em cima de uma toalha, de uma camilha ou diretamente nas nossas <a href=\"https:\/\/www.amado.pt\/aluguer\/produto\/mesa-de-madeira-retangular\/\">mesas de madeira<\/a>.<\/p>\n<div class=\"row row-collapse\"  id=\"row-2092852325\">\n\n\t<div id=\"col-1018629941\" class=\"col medium-1\/2 large-6\"  >\n\t\t\t\t<div class=\"col-inner\"  >\n\t\t\t\n\t\t\t\n<p>\u00bb Composi\u00e7\u00e3o: 60% linho e 40% algod\u00e3o<br \/>\n\u00bb Medidas: 200 x 27 cm<br \/>\n\u00bb Gramagem: 300 gr\/m2<\/p>\n\t\t<\/div>\n\t\t\t\t\t<\/div>\n\n\t\n\n\t<div id=\"col-2029156164\" class=\"col medium-1\/2 large-6\"  >\n\t\t\t\t<div class=\"col-inner\"  >\n\t\t\t\n\t\t\t\n<p><a href=\"https:\/\/www.amado.pt\/aluguer\/wp-content\/uploads\/2020\/06\/oeko.png\"><img loading=\"lazy\" decoding=\"async\" class=\"alignleft size-full wp-image-4278\" src=\"https:\/\/www.amado.pt\/aluguer\/wp-content\/uploads\/2020\/06\/oeko.png\" alt=\"\" width=\"167\" height=\"59\" \/><\/a><br \/>\n\t\t<\/div>\n\t\t\t\t\t<\/div>\n\n\t\n<\/div>\n<p>Lavagem em m\u00e1quina industrial com a mais alta seguran\u00e7a higi\u00e9nica, erradica at\u00e9 99% de microrganismos. Detergentes biodegrad\u00e1veis certificados, temperatura constante de 60\u00ba e desinfe\u00e7\u00e3o por ozono.<\/p>\n","protected":false},"excerpt":{"rendered":"<p>Aluguer de chemin para mesa redonda ou retangular Alugamos chemin\u2019s ou caminho de mesa em linho cr\u00fa um adorno que vale sempre a pena. Pode ser utilizado em cima de uma toalha, de uma camilha ou diretamente nas nossas mesas de madeira. Lavagem em m\u00e1quina industrial com a mais alta seguran\u00e7a higi\u00e9nica, erradica at\u00e9 99% [&#8230;]\n","protected":false},"featured_media":3666,"template":"","meta":[],"product_cat":[13,208,28,88,185],"product_tag":[120,197],"class_list":{"0":"post-3537","1":"product","2":"type-product","3":"status-publish","4":"has-post-thumbnail","6":"product_cat-atoalhados","7":"product_cat-chemins","8":"product_cat-decoracao","9":"product_cat-toalhas-de-mesa","10":"product_cat-todos-os-produtos","11":"product_tag-chemin","12":"product_tag-linho","14":"first","15":"instock","16":"taxable","17":"shipping-taxable","18":"purchasable","19":"product-type-simple"},"_links":{"self":[{"href":"https:\/\/www.amado.pt\/aluguer\/wp-json\/wp\/v2\/product\/3537","targetHints":{"allow":["GET"]}}],"collection":[{"href":"https:\/\/www.amado.pt\/aluguer\/wp-json\/wp\/v2\/product"}],"about":[{"href":"https:\/\/www.amado.pt\/aluguer\/wp-json\/wp\/v2\/types\/product"}],"wp:featuredmedia":[{"embeddable":true,"href":"https:\/\/www.amado.pt\/aluguer\/wp-json\/wp\/v2\/media\/3666"}],"wp:attachment":[{"href":"https:\/\/www.amado.pt\/aluguer\/wp-json\/wp\/v2\/media?parent=3537"}],"wp:term":[{"taxonomy":"product_cat","embeddable":true,"href":"https:\/\/www.amado.pt\/aluguer\/wp-json\/wp\/v2\/product_cat?post=3537"},{"taxonomy":"product_tag","embeddable":true,"href":"https:\/\/www.amado.pt\/aluguer\/wp-json\/wp\/v2\/product_tag?post=3537"}],"curies":[{"name":"wp","href":"https:\/\/api.w.org\/{rel}","templated":true}]}}