{"id":4361,"date":"2020-11-25T09:12:00","date_gmt":"2020-11-25T09:12:00","guid":{"rendered":"https:\/\/www.amado.pt\/aluguer\/?post_type=product&#038;p=4361"},"modified":"2025-01-28T12:32:13","modified_gmt":"2025-01-28T12:32:13","slug":"carros-de-cozinha","status":"publish","type":"product","link":"https:\/\/www.amado.pt\/aluguer\/carros-de-cozinha\/","title":{"rendered":"Carros de cozinha"},"content":{"rendered":"<h2>Aluguer de carrinhos porta tabuleiros<\/h2>\n<p>Alugamos carrinhos de 2 n\u00edveis, de constru\u00e7\u00e3o robusta para caterings, banquetes e cozinhas de campanha, \u00e9 a solu\u00e7\u00e3o profissional de transporte, que mesmo em carga m\u00e1xima deslizam suavemente.<\/p>\n<p>\u00bb Comprimento: 87 cm<br \/>\n\u00bb Largura: 45 cm<br \/>\n\u00bb Altura: 83.5 cm<br \/>\n\u00bb Estrutura: a\u00e7o inox 18\/10<br \/>\n\u00bb Mobilidade: 4 rodas girat\u00f3rias 2 com trav\u00e3o<\/p>\n","protected":false},"excerpt":{"rendered":"<p>Aluguer de carrinhos porta tabuleiros Alugamos carrinhos de 2 n\u00edveis, de constru\u00e7\u00e3o robusta para caterings, banquetes e cozinhas de campanha, \u00e9 a solu\u00e7\u00e3o profissional de transporte, que mesmo em carga m\u00e1xima deslizam suavemente. \u00bb Comprimento: 87 cm \u00bb Largura: 45 cm \u00bb Altura: 83.5 cm \u00bb Estrutura: a\u00e7o inox 18\/10 \u00bb Mobilidade: 4 rodas girat\u00f3rias [&#8230;]\n","protected":false},"featured_media":3856,"template":"","meta":[],"product_cat":[29,185],"product_tag":[],"class_list":{"0":"post-4361","1":"product","2":"type-product","3":"status-publish","4":"has-post-thumbnail","6":"product_cat-cozinha","7":"product_cat-todos-os-produtos","9":"first","10":"instock","11":"taxable","12":"shipping-taxable","13":"purchasable","14":"product-type-simple"},"_links":{"self":[{"href":"https:\/\/www.amado.pt\/aluguer\/wp-json\/wp\/v2\/product\/4361","targetHints":{"allow":["GET"]}}],"collection":[{"href":"https:\/\/www.amado.pt\/aluguer\/wp-json\/wp\/v2\/product"}],"about":[{"href":"https:\/\/www.amado.pt\/aluguer\/wp-json\/wp\/v2\/types\/product"}],"wp:featuredmedia":[{"embeddable":true,"href":"https:\/\/www.amado.pt\/aluguer\/wp-json\/wp\/v2\/media\/3856"}],"wp:attachment":[{"href":"https:\/\/www.amado.pt\/aluguer\/wp-json\/wp\/v2\/media?parent=4361"}],"wp:term":[{"taxonomy":"product_cat","embeddable":true,"href":"https:\/\/www.amado.pt\/aluguer\/wp-json\/wp\/v2\/product_cat?post=4361"},{"taxonomy":"product_tag","embeddable":true,"href":"https:\/\/www.amado.pt\/aluguer\/wp-json\/wp\/v2\/product_tag?post=4361"}],"curies":[{"name":"wp","href":"https:\/\/api.w.org\/{rel}","templated":true}]}}