{"id":4402,"date":"2020-12-02T11:42:00","date_gmt":"2020-12-02T11:42:00","guid":{"rendered":"https:\/\/www.amado.pt\/aluguer\/?post_type=product&#038;p=4402"},"modified":"2025-01-28T12:26:55","modified_gmt":"2025-01-28T12:26:55","slug":"premium","status":"publish","type":"product","link":"https:\/\/www.amado.pt\/aluguer\/premium\/","title":{"rendered":"#05 Pacotes: Premium"},"content":{"rendered":"[vc_row][vc_column][vc_column_text]Este pacote \u00e9 o mais completo e o mais requintado com a op\u00e7\u00e3o de ser inclu\u00edda uma tenda. Neste tipo de solu\u00e7\u00e3o, o equipamento \u00e9 pr\u00e9-definido e tem um valor por pessoa em vez de valor por item o que garante um pre\u00e7o melhorado.<\/p>\n<p>Este pack de mesa completa \u00e9 ideal para eventos, casamentos e caterings.<\/p>\n<p><strong>Neste pacote \u00e9 permitido qualquer tipo de troca de equipamentos.<\/strong>[\/vc_column_text][vc_column_text]<strong>Neste pacote de premium est\u00e1 inclu\u00eddo:<br \/>\n<\/strong>\u00bb mesa redonda 1.80m dim. para cada 10 pessoas ou mesa quadrada com saiote e toalha de mesa<br \/>\n\u00bb mesa retangular para apoio por cada 25 pessoas com saiote e toalha de mesa<br \/>\n\u00bb mesa de bolo 1,30 di\u00e2metro com camilha<br \/>\n\u00bb uma cadeira por pessoa<br \/>\n\u00bb um guardanapo de linho ou outro por pessoa<br \/>\n\u00bb colheres de porcelana para aperitivos<br \/>\n\u00bb copos de agua sem p\u00e9 ou de picos Atlantis<br \/>\n\u00bb copos de vinho branco Riedel e de vinho tinto Schott Zwiesel<br \/>\n\u00bb copo de vinho do porto Schott Zwiesel Siza Vieira<br \/>\n\u00bb copos: tubo, flute, bal\u00e3o e whisky<br \/>\n\u00bb marcador em Inox, Atlantis ou Vista Alegre<br \/>\n\u00bb pires e ta\u00e7a de consume ou prato sopa e colher sopa<br \/>\n\u00bb prato p\u00e3o de vidro ou de porcelana<br \/>\n\u00bb pratos ladeiros (2) + faca e garfo de peixe e de carne<br \/>\n\u00bb prato de sobremesa (2) + faca, garfo(2) e colher sobremesa<br \/>\n\u00bb pires, ch\u00e1vena e colher de caf\u00e9<br \/>\n\u00bb tendas por or\u00e7amento a incluir neste pacote[\/vc_column_text][vc_column_text]<strong>Descri\u00e7\u00e3o visual dos itens por pessoa.<\/strong>[\/vc_column_text][vc_column_text]<strong>Op\u00e7\u00e3o de mesas:<\/strong>[\/vc_column_text][vc_media_grid element_width=&#8221;2&#8243; item=&#8221;masonryMedia_Default&#8221; initial_loading_animation=&#8221;none&#8221; grid_id=&#8221;vc_gid:1616414769877-329c339d-1b8f-10&#8243; include=&#8221;1130,1144,4551&#8243;][vc_column_text]<strong>Op\u00e7\u00e3o de cadeiras:<\/strong>[\/vc_column_text][vc_media_grid element_width=&#8221;2&#8243; item=&#8221;masonryMedia_Default&#8221; initial_loading_animation=&#8221;none&#8221; grid_id=&#8221;vc_gid:1616414769883-45f2bb3e-11de-10&#8243; include=&#8221;286,258,262,280,2019,292,295&#8243;][vc_column_text]<strong>Op\u00e7\u00e3o de toalhas de mesa:<\/strong>[\/vc_column_text][vc_media_grid element_width=&#8221;2&#8243; item=&#8221;masonryMedia_Default&#8221; initial_loading_animation=&#8221;none&#8221; grid_id=&#8221;vc_gid:1616414769890-47d16443-c1e1-8&#8243; include=&#8221;2566,971,942,959,963,965,946&#8243;][vc_column_text]<strong>Op\u00e7\u00e3o de saiotes:<\/strong>[\/vc_column_text][vc_media_grid element_width=&#8221;2&#8243; item=&#8221;masonryMedia_Default&#8221; initial_loading_animation=&#8221;none&#8221; grid_id=&#8221;vc_gid:1616414769897-0aad21ab-4d05-4&#8243; include=&#8221;2748,2746,2751,2747,2749,2750,2752,2753,2754,2745&#8243;][vc_column_text]<strong>Op\u00e7\u00e3o de guardanapos:<\/strong>[\/vc_column_text][vc_media_grid element_width=&#8221;2&#8243; item=&#8221;masonryMedia_Default&#8221; initial_loading_animation=&#8221;none&#8221; grid_id=&#8221;vc_gid:1616414769906-30cf35fd-acfd-6&#8243; include=&#8221;3737,3463,3466,4547,4546,4548,4549,4550&#8243;][vc_column_text]<strong><span style=\"font-size: 110%;\">Loi\u00e7a inclu\u00edda:<\/span><\/strong>[\/vc_column_text][vc_media_grid element_width=&#8221;2&#8243; item=&#8221;masonryMedia_Default&#8221; initial_loading_animation=&#8221;none&#8221; grid_id=&#8221;vc_gid:1616414769916-efaaed2a-f186-7&#8243; include=&#8221;3603,1789,2633,2634,2632,728,711,2869,709,2717,321,2649,567,752,2641,2642,2643,2644,749,2646,2647,2645,324,2601&#8243;][vc_column_text]<strong>Op\u00e7\u00e3o de troca:<br \/>\n<\/strong>\u00bb trocar mesa redonda 1.80 dim. por mesa quadrada 1.20 x 1.20 m<br \/>\n\u00bb trocar ta\u00e7a de consume pelo prato de sopa<br \/>\n\u00bb trocar marcador em inox por marcador Atlantis ou Vista Alegre<br \/>\n\u00bb trocar copo agua sem p\u00e9 por copo picos Atlantis[\/vc_column_text][vc_media_grid element_width=&#8221;2&#8243; item=&#8221;masonryMedia_Default&#8221; initial_loading_animation=&#8221;none&#8221; grid_id=&#8221;vc_gid:1616414769933-f82dbd52-47b8-0&#8243; include=&#8221;1148,750,3899,4275,2669&#8243;][\/vc_column][\/vc_row]\n","protected":false},"excerpt":{"rendered":"<p><strong>Este pack \u00e9 alugado em m\u00faltiplos de 10.<\/strong><\/p>\n","protected":false},"featured_media":4407,"template":"","meta":[],"product_cat":[209,185],"product_tag":[],"class_list":{"0":"post-4402","1":"product","2":"type-product","3":"status-publish","4":"has-post-thumbnail","6":"product_cat-pacotes","7":"product_cat-todos-os-produtos","9":"first","10":"instock","11":"taxable","12":"shipping-taxable","13":"purchasable","14":"product-type-simple"},"_links":{"self":[{"href":"https:\/\/www.amado.pt\/aluguer\/wp-json\/wp\/v2\/product\/4402","targetHints":{"allow":["GET"]}}],"collection":[{"href":"https:\/\/www.amado.pt\/aluguer\/wp-json\/wp\/v2\/product"}],"about":[{"href":"https:\/\/www.amado.pt\/aluguer\/wp-json\/wp\/v2\/types\/product"}],"wp:featuredmedia":[{"embeddable":true,"href":"https:\/\/www.amado.pt\/aluguer\/wp-json\/wp\/v2\/media\/4407"}],"wp:attachment":[{"href":"https:\/\/www.amado.pt\/aluguer\/wp-json\/wp\/v2\/media?parent=4402"}],"wp:term":[{"taxonomy":"product_cat","embeddable":true,"href":"https:\/\/www.amado.pt\/aluguer\/wp-json\/wp\/v2\/product_cat?post=4402"},{"taxonomy":"product_tag","embeddable":true,"href":"https:\/\/www.amado.pt\/aluguer\/wp-json\/wp\/v2\/product_tag?post=4402"}],"curies":[{"name":"wp","href":"https:\/\/api.w.org\/{rel}","templated":true}]}}