{"id":4722,"date":"2023-06-06T11:39:54","date_gmt":"2023-06-06T11:39:54","guid":{"rendered":"https:\/\/www.amado.pt\/aluguer\/?post_type=product&#038;p=4722"},"modified":"2025-01-28T12:09:32","modified_gmt":"2025-01-28T12:09:32","slug":"camilha-de-mesa-em-algodao","status":"publish","type":"product","link":"https:\/\/www.amado.pt\/aluguer\/camilha-de-mesa-em-algodao\/","title":{"rendered":"Camilha de mesa em algod\u00e3o"},"content":{"rendered":"<h2 style=\"background: white; margin: 0cm 0cm 6.0pt 0cm;\"><span style=\"font-size: 17.5pt; font-family: Lato; color: #555555;\">Aluguer de camilha para mesa redonda<\/span><\/h2>\n<p style=\"background: white; box-sizing: border-box; font-variant-ligatures: normal; font-variant-caps: normal; orphans: 2; text-align: start; widows: 2; -webkit-text-stroke-width: 0px; text-decoration-thickness: initial; text-decoration-style: initial; text-decoration-color: initial; word-spacing: 0px; margin: 0cm 0cm 15.6pt 0cm;\"><span style=\"font-size: 13.5pt; font-family: Lato; color: #686868;\">Alugamos camilhas brancas em tecido para cobrir mesas redondas de 180 cm at\u00e9 210 cm de di\u00e2metro.<br \/>\nOs nossos clientes optam por camilhas em vez de toalhas e saiotes nas suas festas e banquetes.<\/span><\/p>\n<p style=\"background: white; box-sizing: border-box; font-variant-ligatures: normal; font-variant-caps: normal; orphans: 2; text-align: start; widows: 2; -webkit-text-stroke-width: 0px; text-decoration-thickness: initial; text-decoration-style: initial; text-decoration-color: initial; word-spacing: 0px; margin: 0cm 0cm 15.6pt 0cm;\"><span style=\"font-size: 13.5pt; font-family: Lato; color: #686868; background: white;\">\u00bb Composi\u00e7\u00e3o: 68% algod\u00e3o 32%\u00a0<\/span><a style=\"box-sizing: border-box; touch-action: manipulation; font-variant-ligatures: normal; font-variant-caps: normal; orphans: 2; text-align: start; widows: 2; -webkit-text-stroke-width: 0px; word-spacing: 0px;\" href=\"https:\/\/pt.wikipedia.org\/wiki\/Poliamida\" target=\"_blank\" rel=\"noopener\"><span style=\"font-size: 13.5pt; font-family: Lato; color: #686868; background: white;\">poliamida<\/span><\/a><span style=\"font-size: 13.5pt; font-family: Lato; color: #686868;\"><br style=\"box-sizing: border-box; font-variant-ligatures: normal; font-variant-caps: normal; orphans: 2; text-align: start; widows: 2; -webkit-text-stroke-width: 0px; text-decoration-thickness: initial; text-decoration-style: initial; text-decoration-color: initial; word-spacing: 0px;\" \/><span style=\"background: white;\"><span style=\"font-variant-ligatures: normal; font-variant-caps: normal; orphans: 2; text-align: start; widows: 2; -webkit-text-stroke-width: 0px; text-decoration-thickness: initial; text-decoration-style: initial; text-decoration-color: initial; float: none; word-spacing: 0px;\">\u00bb Di\u00e2metro: 320 cm<\/span><br \/>\n<span style=\"font-variant-ligatures: normal; font-variant-caps: normal; orphans: 2; text-align: start; widows: 2; -webkit-text-stroke-width: 0px; text-decoration-thickness: initial; text-decoration-style: initial; text-decoration-color: initial; float: none; word-spacing: 0px;\">\u00bb Gramagem: 260 gr\/m2<\/span><\/span><\/span><\/p>\n<p style=\"background: white; margin: 0cm 0cm 15.6pt 0cm;\"><span style=\"font-size: 13.5pt; font-family: Lato; color: #686868;\">Lavagem em m\u00e1quina industrial com a mais alta seguran\u00e7a higi\u00e9nica, erradica at\u00e9 99% de microrganismos.<br style=\"box-sizing: border-box;\" \/>Detergentes biodegrad\u00e1veis certificados, temperatura constante de 60\u00ba e desinfe\u00e7\u00e3o por ozono.<\/span><\/p>\n","protected":false},"excerpt":{"rendered":"<p>Aluguer de camilha para mesa redonda Alugamos camilhas brancas em tecido para cobrir mesas redondas de 180 cm at\u00e9 210 cm de di\u00e2metro. Os nossos clientes optam por camilhas em vez de toalhas e saiotes nas suas festas e banquetes. \u00bb Composi\u00e7\u00e3o: 68% algod\u00e3o 32%\u00a0poliamida\u00bb Di\u00e2metro: 320 cm \u00bb Gramagem: 260 gr\/m2 Lavagem em m\u00e1quina [&#8230;]\n","protected":false},"featured_media":4725,"template":"","meta":[],"product_cat":[13,216,185],"product_tag":[108],"class_list":{"0":"post-4722","1":"product","2":"type-product","3":"status-publish","4":"has-post-thumbnail","6":"product_cat-atoalhados","7":"product_cat-camilhas","8":"product_cat-todos-os-produtos","9":"product_tag-camilhas-perola","11":"first","12":"instock","13":"taxable","14":"shipping-taxable","15":"purchasable","16":"product-type-simple"},"_links":{"self":[{"href":"https:\/\/www.amado.pt\/aluguer\/wp-json\/wp\/v2\/product\/4722","targetHints":{"allow":["GET"]}}],"collection":[{"href":"https:\/\/www.amado.pt\/aluguer\/wp-json\/wp\/v2\/product"}],"about":[{"href":"https:\/\/www.amado.pt\/aluguer\/wp-json\/wp\/v2\/types\/product"}],"wp:featuredmedia":[{"embeddable":true,"href":"https:\/\/www.amado.pt\/aluguer\/wp-json\/wp\/v2\/media\/4725"}],"wp:attachment":[{"href":"https:\/\/www.amado.pt\/aluguer\/wp-json\/wp\/v2\/media?parent=4722"}],"wp:term":[{"taxonomy":"product_cat","embeddable":true,"href":"https:\/\/www.amado.pt\/aluguer\/wp-json\/wp\/v2\/product_cat?post=4722"},{"taxonomy":"product_tag","embeddable":true,"href":"https:\/\/www.amado.pt\/aluguer\/wp-json\/wp\/v2\/product_tag?post=4722"}],"curies":[{"name":"wp","href":"https:\/\/api.w.org\/{rel}","templated":true}]}}