{"id":790,"date":"2017-11-13T10:47:00","date_gmt":"2017-11-13T10:47:00","guid":{"rendered":"https:\/\/www.amado.pt\/aluguer\/?post_type=product&#038;p=790"},"modified":"2025-01-28T13:25:56","modified_gmt":"2025-01-28T13:25:56","slug":"arca-congeladora","status":"publish","type":"product","link":"https:\/\/www.amado.pt\/aluguer\/arca-congeladora\/","title":{"rendered":"Arca congeladora"},"content":{"rendered":"<h2>Aluguer de arca congeladora<\/h2>\n<p>Alugamos arcas congeladoras de cozinha, para servi\u00e7os de catering, banquetes, bares e festas populares.<br \/>\nOs nossos clientes tamb\u00e9m usam para refrescar bebidas mais r\u00e1pido.<\/p>\n<p>\u00bb Altura: 90 cm<br \/>\n\u00bb Comprimento: 150 cm<br \/>\n\u00bb Largura: 80 cm<br \/>\n\u00bb Sistema: tampa horizontal<br \/>\n\u00bb Temperatura: -24\u00ba\/-16\u00ba<br \/>\n\u00bb Cor: branca<br \/>\n\u00bb Corrente: monof\u00e1sica 220V<br \/>\n\u00bb Capacidade: 550 litros<\/p>\n<p><img loading=\"lazy\" decoding=\"async\" class=\"alignleft wp-image-3121\" src=\"https:\/\/www.amado.pt\/aluguer\/wp-content\/uploads\/2020\/04\/A29-150x150.jpg\" alt=\"\" width=\"58\" height=\"62\" srcset=\"https:\/\/www.amado.pt\/aluguer\/wp-content\/uploads\/2020\/04\/A29-282x300.jpg 282w, https:\/\/www.amado.pt\/aluguer\/wp-content\/uploads\/2020\/04\/A29.jpg 430w\" sizes=\"auto, (max-width: 58px) 100vw, 58px\" \/><\/p>\n<p><span style=\"color: #d83131; font-size: 14.4px;\"><br \/>\nN\u00e3o deixar bebidas sem supervis\u00e3o.<\/span><\/p>\n","protected":false},"excerpt":{"rendered":"<p>Aluguer de arca congeladora Alugamos arcas congeladoras de cozinha, para servi\u00e7os de catering, banquetes, bares e festas populares. Os nossos clientes tamb\u00e9m usam para refrescar bebidas mais r\u00e1pido. \u00bb Altura: 90 cm \u00bb Comprimento: 150 cm \u00bb Largura: 80 cm \u00bb Sistema: tampa horizontal \u00bb Temperatura: -24\u00ba\/-16\u00ba \u00bb Cor: branca \u00bb Corrente: monof\u00e1sica 220V \u00bb [&#8230;]\n","protected":false},"featured_media":791,"template":"","meta":[],"product_cat":[26,29,185],"product_tag":[],"class_list":{"0":"post-790","1":"product","2":"type-product","3":"status-publish","4":"has-post-thumbnail","6":"product_cat-equipamentos-diversos","7":"product_cat-cozinha","8":"product_cat-todos-os-produtos","10":"first","11":"instock","12":"taxable","13":"shipping-taxable","14":"purchasable","15":"product-type-simple"},"_links":{"self":[{"href":"https:\/\/www.amado.pt\/aluguer\/wp-json\/wp\/v2\/product\/790","targetHints":{"allow":["GET"]}}],"collection":[{"href":"https:\/\/www.amado.pt\/aluguer\/wp-json\/wp\/v2\/product"}],"about":[{"href":"https:\/\/www.amado.pt\/aluguer\/wp-json\/wp\/v2\/types\/product"}],"wp:featuredmedia":[{"embeddable":true,"href":"https:\/\/www.amado.pt\/aluguer\/wp-json\/wp\/v2\/media\/791"}],"wp:attachment":[{"href":"https:\/\/www.amado.pt\/aluguer\/wp-json\/wp\/v2\/media?parent=790"}],"wp:term":[{"taxonomy":"product_cat","embeddable":true,"href":"https:\/\/www.amado.pt\/aluguer\/wp-json\/wp\/v2\/product_cat?post=790"},{"taxonomy":"product_tag","embeddable":true,"href":"https:\/\/www.amado.pt\/aluguer\/wp-json\/wp\/v2\/product_tag?post=790"}],"curies":[{"name":"wp","href":"https:\/\/api.w.org\/{rel}","templated":true}]}}